{"id":450,"date":"2021-02-12T00:49:15","date_gmt":"2021-02-11T22:49:15","guid":{"rendered":"https:\/\/en.democraticgourmet.com\/?page_id=450"},"modified":"2026-03-09T11:50:17","modified_gmt":"2026-03-09T10:50:17","slug":"who-we-are","status":"publish","type":"page","link":"https:\/\/democraticgourmet.com\/it\/who-we-are\/","title":{"rendered":"chi siamo"},"content":{"rendered":"<h2 class=\"wp-block-heading has-text-align-left\">Siamo in due (sempre) ma a volte in quattro ... Chi?<\/h2>\n\n\n\n<div style=\"height:70px\" aria-hidden=\"true\" class=\"wp-block-spacer\"><\/div>\n\n\n\n<h3 class=\"wp-block-heading\">Vangelis<\/h3>\n\n\n\n<p><\/p>\n\n\n\n<h5 class=\"wp-block-heading\">Cuoco e scrittore della scuola alternativa di cucina Democratic Gourmet (5 volumi, edizione in Greco)<\/h5>\n\n\n\n<p><\/p>\n\n\n\n<figure class=\"wp-block-image size-large\"><img fetchpriority=\"high\" decoding=\"async\" width=\"1024\" height=\"641\" src=\"https:\/\/democraticgourmet.com\/wp-content\/uploads\/2022\/03\/\u0392\u03b1\u03b3\u03b3\u03ad\u03bb\u03b7\u03c2-2-1024x641.jpg\" alt=\"\" class=\"wp-image-7104\" srcset=\"https:\/\/democraticgourmet.com\/wp-content\/uploads\/2022\/03\/\u0392\u03b1\u03b3\u03b3\u03ad\u03bb\u03b7\u03c2-2-1024x641.jpg 1024w, https:\/\/democraticgourmet.com\/wp-content\/uploads\/2022\/03\/\u0392\u03b1\u03b3\u03b3\u03ad\u03bb\u03b7\u03c2-2-600x376.jpg 600w, https:\/\/democraticgourmet.com\/wp-content\/uploads\/2022\/03\/\u0392\u03b1\u03b3\u03b3\u03ad\u03bb\u03b7\u03c2-2-300x188.jpg 300w, https:\/\/democraticgourmet.com\/wp-content\/uploads\/2022\/03\/\u0392\u03b1\u03b3\u03b3\u03ad\u03bb\u03b7\u03c2-2-768x481.jpg 768w, https:\/\/democraticgourmet.com\/wp-content\/uploads\/2022\/03\/\u0392\u03b1\u03b3\u03b3\u03ad\u03bb\u03b7\u03c2-2-18x12.jpg 18w, https:\/\/democraticgourmet.com\/wp-content\/uploads\/2022\/03\/\u0392\u03b1\u03b3\u03b3\u03ad\u03bb\u03b7\u03c2-2.jpg 1219w\" sizes=\"(max-width: 1024px) 100vw, 1024px\" \/><\/figure>\n\n\n\n<div style=\"height:25px\" aria-hidden=\"true\" class=\"wp-block-spacer\"><\/div>\n\n\n\n<p>\u00c8 specializzato in cucina dell'Europa meridionale. Lavora con materiali economici, freschi e sani, presentati in modo moderno e minimale. Cresciuto a Sepolia, Atene, ha studiato legge e scienze politiche in Italia e Grecia ed ha esperienza culinaria in molti stati europei. Oltre alle sue pentole, suona  chitarre acustiche ed elettriche e occasionalmente scrive di basket americano. Parla greco, inglese, italiano, francese e catalano, avendo quindi la possibilit\u00e0 di avere una conoscenza culinaria sferica.<\/p>\n\n\n\n<div style=\"height:70px\" aria-hidden=\"true\" class=\"wp-block-spacer\"><\/div>\n\n\n\n<h3 class=\"wp-block-heading\">Katerina<\/h3>\n\n\n\n<p><\/p>\n\n\n\n<h5 class=\"wp-block-heading\">Pasticcera e fotografa del Democratic Gourmet<\/h5>\n\n\n\n<p><\/p>\n\n\n\n<figure class=\"wp-block-image size-full\"><img decoding=\"async\" width=\"927\" height=\"618\" src=\"https:\/\/democraticgourmet.com\/wp-content\/uploads\/2022\/03\/\u039a\u03b1\u03c4\u03b5\u03c1\u03af\u03bd\u03b1-2.jpg\" alt=\"\" class=\"wp-image-7105\" srcset=\"https:\/\/democraticgourmet.com\/wp-content\/uploads\/2022\/03\/\u039a\u03b1\u03c4\u03b5\u03c1\u03af\u03bd\u03b1-2.jpg 927w, https:\/\/democraticgourmet.com\/wp-content\/uploads\/2022\/03\/\u039a\u03b1\u03c4\u03b5\u03c1\u03af\u03bd\u03b1-2-600x400.jpg 600w, https:\/\/democraticgourmet.com\/wp-content\/uploads\/2022\/03\/\u039a\u03b1\u03c4\u03b5\u03c1\u03af\u03bd\u03b1-2-300x200.jpg 300w, https:\/\/democraticgourmet.com\/wp-content\/uploads\/2022\/03\/\u039a\u03b1\u03c4\u03b5\u03c1\u03af\u03bd\u03b1-2-768x512.jpg 768w, https:\/\/democraticgourmet.com\/wp-content\/uploads\/2022\/03\/\u039a\u03b1\u03c4\u03b5\u03c1\u03af\u03bd\u03b1-2-18x12.jpg 18w\" sizes=\"(max-width: 927px) 100vw, 927px\" \/><\/figure>\n\n\n\n<div style=\"height:20px\" aria-hidden=\"true\" class=\"wp-block-spacer\"><\/div>\n\n\n\n<p>Nata a Karpenisi con origine dell' Armenia, Creta e Peloponneso. Ha cercato in breve tempo la sua identit\u00e0 artistica come cantante professionista. Quando non \u00e8 occupata con le sue planetarie e la sua macchina fotografica, sperimenta la macchina da cucire, elabora vecchi vestiti, restaura piccoli mobili ecc. Ha studiato in Italia e in Grecia e parla pure greco, inglese, italiano, catalano e francese.<\/p>\n\n\n\n<div style=\"height:70px\" aria-hidden=\"true\" class=\"wp-block-spacer\"><\/div>\n\n\n\n<h3 class=\"wp-block-heading\">Nuri<\/h3>\n\n\n\n<p><\/p>\n\n\n\n<h5 class=\"wp-block-heading\">Responsabile della rubrica \u201cDOGocratic Gourmet\u201d.<\/h5>\n\n\n\n<p><\/p>\n\n\n\n<figure class=\"wp-block-image size-large\"><img decoding=\"async\" width=\"1024\" height=\"732\" src=\"https:\/\/democraticgourmet.com\/wp-content\/uploads\/2022\/03\/DSC_0046-4-1024x732.jpg\" alt=\"\" class=\"wp-image-7106\" srcset=\"https:\/\/democraticgourmet.com\/wp-content\/uploads\/2022\/03\/DSC_0046-4-1024x732.jpg 1024w, https:\/\/democraticgourmet.com\/wp-content\/uploads\/2022\/03\/DSC_0046-4-600x429.jpg 600w, https:\/\/democraticgourmet.com\/wp-content\/uploads\/2022\/03\/DSC_0046-4-300x214.jpg 300w, https:\/\/democraticgourmet.com\/wp-content\/uploads\/2022\/03\/DSC_0046-4-768x549.jpg 768w, https:\/\/democraticgourmet.com\/wp-content\/uploads\/2022\/03\/DSC_0046-4-1536x1098.jpg 1536w, https:\/\/democraticgourmet.com\/wp-content\/uploads\/2022\/03\/DSC_0046-4-18x12.jpg 18w, https:\/\/democraticgourmet.com\/wp-content\/uploads\/2022\/03\/DSC_0046-4.jpg 1712w\" sizes=\"(max-width: 1024px) 100vw, 1024px\" \/><\/figure>\n\n\n\n<div style=\"height:20px\" aria-hidden=\"true\" class=\"wp-block-spacer\"><\/div>\n\n\n\n<p>Di origine sconosciuta, \u00e8 stata trovata presso il benessere degli animali di Perama, prima di entrare a far parte della squadra Democratic Gourmet. Membro onorario della giuria dei piatti di carne preparati da Vangelis. Logicamente parla greco, inglese, italiano, catalano e francese, poich\u00e9 comprende tutte queste lingue, ogni volta che hanno da fare con cibo.<\/p>\n\n\n\n<div style=\"height:70px\" aria-hidden=\"true\" class=\"wp-block-spacer\"><\/div>\n\n\n\n<h3 class=\"wp-block-heading\">Lennon<\/h3>\n\n\n\n<p><\/p>\n\n\n\n<h5 class=\"wp-block-heading\">Responsabile delle relazioni pubbliche<\/h5>\n\n\n\n<figure class=\"wp-block-image size-large\"><img loading=\"lazy\" decoding=\"async\" width=\"1024\" height=\"768\" src=\"https:\/\/democraticgourmet.com\/wp-content\/uploads\/2026\/03\/1773053101015-1024x768.jpg\" alt=\"\" class=\"wp-image-11248\" srcset=\"https:\/\/democraticgourmet.com\/wp-content\/uploads\/2026\/03\/1773053101015-1024x768.jpg 1024w, https:\/\/democraticgourmet.com\/wp-content\/uploads\/2026\/03\/1773053101015-300x225.jpg 300w, https:\/\/democraticgourmet.com\/wp-content\/uploads\/2026\/03\/1773053101015-768x576.jpg 768w, https:\/\/democraticgourmet.com\/wp-content\/uploads\/2026\/03\/1773053101015-1536x1152.jpg 1536w, https:\/\/democraticgourmet.com\/wp-content\/uploads\/2026\/03\/1773053101015-2048x1536.jpg 2048w, https:\/\/democraticgourmet.com\/wp-content\/uploads\/2026\/03\/1773053101015-16x12.jpg 16w, https:\/\/democraticgourmet.com\/wp-content\/uploads\/2026\/03\/1773053101015-600x450.jpg 600w\" sizes=\"(max-width: 1024px) 100vw, 1024px\" \/><\/figure>\n\n\n\n<div style=\"height:20px\" aria-hidden=\"true\" class=\"wp-block-spacer\"><\/div>\n\n\n\n<p>Trovato a Castellamonte, in Piemonte, \u00e8 il membro pi\u00f9 giovane del team di Democratic Gourmet. Ha subito assunto la responsabilit\u00e0 delle pubbliche relazioni grazie alla sua particolare socievolezza e popolarit\u00e0. Purtroppo parla solo italiano, essendo ancora troppo giovane per le lingue straniere.<\/p>","protected":false},"excerpt":{"rendered":"<p>We are two (always), and sometimes we are three\u2026 Which ones? Vangelis Cook and author of the 5 volume alternative culinary school Democratic Gourmet He&#8230;<\/p>\n<div class=\"more-link-wrapper\"><a class=\"more-link\" href=\"https:\/\/democraticgourmet.com\/it\/who-we-are\/\">Continue reading<span class=\"screen-reader-text\">chi siamo<\/span><\/a><\/div>","protected":false},"author":1,"featured_media":0,"parent":0,"menu_order":0,"comment_status":"closed","ping_status":"closed","template":"","meta":{"_monsterinsights_skip_tracking":false,"_monsterinsights_sitenote_active":false,"_monsterinsights_sitenote_note":"","_monsterinsights_sitenote_category":0,"footnotes":""},"class_list":["post-450","page","type-page","status-publish","hentry","entry"],"yoast_head":"<!-- This site is optimized with the Yoast SEO plugin v27.1.1 - https:\/\/yoast.com\/product\/yoast-seo-wordpress\/ -->\n<title>who we are - Democratic Gourmet<\/title>\n<meta name=\"robots\" content=\"index, follow, max-snippet:-1, max-image-preview:large, max-video-preview:-1\" \/>\n<link rel=\"canonical\" href=\"https:\/\/democraticgourmet.com\/it\/who-we-are\/\" \/>\n<meta property=\"og:locale\" content=\"it_IT\" \/>\n<meta property=\"og:type\" content=\"article\" \/>\n<meta property=\"og:title\" content=\"who we are - Democratic Gourmet\" \/>\n<meta property=\"og:description\" content=\"We are two (always), and sometimes we are three\u2026 Which ones? Vangelis Cook and author of the 5 volume alternative culinary school Democratic Gourmet He&#8230;\" \/>\n<meta property=\"og:url\" content=\"https:\/\/democraticgourmet.com\/it\/who-we-are\/\" \/>\n<meta property=\"og:site_name\" content=\"Democratic Gourmet\" \/>\n<meta property=\"article:modified_time\" content=\"2026-03-09T10:50:17+00:00\" \/>\n<meta property=\"og:image\" content=\"https:\/\/democraticgourmet.com\/wp-content\/uploads\/2022\/03\/DSC_0046-4-1024x732.jpg\" \/>\n<meta name=\"twitter:card\" content=\"summary_large_image\" \/>\n<meta name=\"twitter:site\" content=\"@DemGourmetCom\" \/>\n<meta name=\"twitter:label1\" content=\"Tempo di lettura stimato\" \/>\n\t<meta name=\"twitter:data1\" content=\"3 minuti\" \/>\n<script type=\"application\/ld+json\" class=\"yoast-schema-graph\">{\"@context\":\"https:\/\/schema.org\",\"@graph\":[{\"@type\":\"WebPage\",\"@id\":\"https:\/\/democraticgourmet.com\/who-we-are\/\",\"url\":\"https:\/\/democraticgourmet.com\/who-we-are\/\",\"name\":\"who we are - Democratic Gourmet\",\"isPartOf\":{\"@id\":\"https:\/\/democraticgourmet.com\/#website\"},\"primaryImageOfPage\":{\"@id\":\"https:\/\/democraticgourmet.com\/who-we-are\/#primaryimage\"},\"image\":{\"@id\":\"https:\/\/democraticgourmet.com\/who-we-are\/#primaryimage\"},\"thumbnailUrl\":\"https:\/\/democraticgourmet.com\/wp-content\/uploads\/2022\/03\/DSC_0046-4-1024x732.jpg\",\"datePublished\":\"2021-02-11T22:49:15+00:00\",\"dateModified\":\"2026-03-09T10:50:17+00:00\",\"breadcrumb\":{\"@id\":\"https:\/\/democraticgourmet.com\/who-we-are\/#breadcrumb\"},\"inLanguage\":\"it-IT\",\"potentialAction\":[{\"@type\":\"ReadAction\",\"target\":[\"https:\/\/democraticgourmet.com\/who-we-are\/\"]}]},{\"@type\":\"ImageObject\",\"inLanguage\":\"it-IT\",\"@id\":\"https:\/\/democraticgourmet.com\/who-we-are\/#primaryimage\",\"url\":\"https:\/\/democraticgourmet.com\/wp-content\/uploads\/2022\/03\/DSC_0046-4-1024x732.jpg\",\"contentUrl\":\"https:\/\/democraticgourmet.com\/wp-content\/uploads\/2022\/03\/DSC_0046-4-1024x732.jpg\"},{\"@type\":\"BreadcrumbList\",\"@id\":\"https:\/\/democraticgourmet.com\/who-we-are\/#breadcrumb\",\"itemListElement\":[{\"@type\":\"ListItem\",\"position\":1,\"name\":\"Home\",\"item\":\"https:\/\/democraticgourmet.com\/\"},{\"@type\":\"ListItem\",\"position\":2,\"name\":\"who we are\"}]},{\"@type\":\"WebSite\",\"@id\":\"https:\/\/democraticgourmet.com\/#website\",\"url\":\"https:\/\/democraticgourmet.com\/\",\"name\":\"Democratic Gourmet\",\"description\":\"\",\"publisher\":{\"@id\":\"https:\/\/democraticgourmet.com\/#organization\"},\"potentialAction\":[{\"@type\":\"SearchAction\",\"target\":{\"@type\":\"EntryPoint\",\"urlTemplate\":\"https:\/\/democraticgourmet.com\/?s={search_term_string}\"},\"query-input\":{\"@type\":\"PropertyValueSpecification\",\"valueRequired\":true,\"valueName\":\"search_term_string\"}}],\"inLanguage\":\"it-IT\"},{\"@type\":\"Organization\",\"@id\":\"https:\/\/democraticgourmet.com\/#organization\",\"name\":\"Democratic Gourmet\",\"url\":\"https:\/\/democraticgourmet.com\/\",\"logo\":{\"@type\":\"ImageObject\",\"inLanguage\":\"it-IT\",\"@id\":\"https:\/\/democraticgourmet.com\/#\/schema\/logo\/image\/\",\"url\":\"https:\/\/democraticgourmet.com\/wp-content\/uploads\/2022\/03\/cropped-DG_LOGO_LIGHTpLacement1200x1200.jpg\",\"contentUrl\":\"https:\/\/democraticgourmet.com\/wp-content\/uploads\/2022\/03\/cropped-DG_LOGO_LIGHTpLacement1200x1200.jpg\",\"width\":1199,\"height\":1200,\"caption\":\"Democratic Gourmet\"},\"image\":{\"@id\":\"https:\/\/democraticgourmet.com\/#\/schema\/logo\/image\/\"},\"sameAs\":[\"https:\/\/x.com\/DemGourmetCom\",\"https:\/\/www.instagram.com\/democraticgourmet\"]}]}<\/script>\n<!-- \/ Yoast SEO plugin. -->","yoast_head_json":{"title":"who we are - Democratic Gourmet","robots":{"index":"index","follow":"follow","max-snippet":"max-snippet:-1","max-image-preview":"max-image-preview:large","max-video-preview":"max-video-preview:-1"},"canonical":"https:\/\/democraticgourmet.com\/it\/who-we-are\/","og_locale":"it_IT","og_type":"article","og_title":"who we are - Democratic Gourmet","og_description":"We are two (always), and sometimes we are three\u2026 Which ones? Vangelis Cook and author of the 5 volume alternative culinary school Democratic Gourmet He&#8230;","og_url":"https:\/\/democraticgourmet.com\/it\/who-we-are\/","og_site_name":"Democratic Gourmet","article_modified_time":"2026-03-09T10:50:17+00:00","og_image":[{"url":"https:\/\/democraticgourmet.com\/wp-content\/uploads\/2022\/03\/DSC_0046-4-1024x732.jpg","type":"","width":"","height":""}],"twitter_card":"summary_large_image","twitter_site":"@DemGourmetCom","twitter_misc":{"Tempo di lettura stimato":"3 minuti"},"schema":{"@context":"https:\/\/schema.org","@graph":[{"@type":"WebPage","@id":"https:\/\/democraticgourmet.com\/who-we-are\/","url":"https:\/\/democraticgourmet.com\/who-we-are\/","name":"who we are - Democratic Gourmet","isPartOf":{"@id":"https:\/\/democraticgourmet.com\/#website"},"primaryImageOfPage":{"@id":"https:\/\/democraticgourmet.com\/who-we-are\/#primaryimage"},"image":{"@id":"https:\/\/democraticgourmet.com\/who-we-are\/#primaryimage"},"thumbnailUrl":"https:\/\/democraticgourmet.com\/wp-content\/uploads\/2022\/03\/DSC_0046-4-1024x732.jpg","datePublished":"2021-02-11T22:49:15+00:00","dateModified":"2026-03-09T10:50:17+00:00","breadcrumb":{"@id":"https:\/\/democraticgourmet.com\/who-we-are\/#breadcrumb"},"inLanguage":"it-IT","potentialAction":[{"@type":"ReadAction","target":["https:\/\/democraticgourmet.com\/who-we-are\/"]}]},{"@type":"ImageObject","inLanguage":"it-IT","@id":"https:\/\/democraticgourmet.com\/who-we-are\/#primaryimage","url":"https:\/\/democraticgourmet.com\/wp-content\/uploads\/2022\/03\/DSC_0046-4-1024x732.jpg","contentUrl":"https:\/\/democraticgourmet.com\/wp-content\/uploads\/2022\/03\/DSC_0046-4-1024x732.jpg"},{"@type":"BreadcrumbList","@id":"https:\/\/democraticgourmet.com\/who-we-are\/#breadcrumb","itemListElement":[{"@type":"ListItem","position":1,"name":"Home","item":"https:\/\/democraticgourmet.com\/"},{"@type":"ListItem","position":2,"name":"who we are"}]},{"@type":"WebSite","@id":"https:\/\/democraticgourmet.com\/#website","url":"https:\/\/democraticgourmet.com\/","name":"Democratic Gourmet","description":"","publisher":{"@id":"https:\/\/democraticgourmet.com\/#organization"},"potentialAction":[{"@type":"SearchAction","target":{"@type":"EntryPoint","urlTemplate":"https:\/\/democraticgourmet.com\/?s={search_term_string}"},"query-input":{"@type":"PropertyValueSpecification","valueRequired":true,"valueName":"search_term_string"}}],"inLanguage":"it-IT"},{"@type":"Organization","@id":"https:\/\/democraticgourmet.com\/#organization","name":"Democratic Gourmet","url":"https:\/\/democraticgourmet.com\/","logo":{"@type":"ImageObject","inLanguage":"it-IT","@id":"https:\/\/democraticgourmet.com\/#\/schema\/logo\/image\/","url":"https:\/\/democraticgourmet.com\/wp-content\/uploads\/2022\/03\/cropped-DG_LOGO_LIGHTpLacement1200x1200.jpg","contentUrl":"https:\/\/democraticgourmet.com\/wp-content\/uploads\/2022\/03\/cropped-DG_LOGO_LIGHTpLacement1200x1200.jpg","width":1199,"height":1200,"caption":"Democratic Gourmet"},"image":{"@id":"https:\/\/democraticgourmet.com\/#\/schema\/logo\/image\/"},"sameAs":["https:\/\/x.com\/DemGourmetCom","https:\/\/www.instagram.com\/democraticgourmet"]}]}},"_links":{"self":[{"href":"https:\/\/democraticgourmet.com\/it\/wp-json\/wp\/v2\/pages\/450","targetHints":{"allow":["GET"]}}],"collection":[{"href":"https:\/\/democraticgourmet.com\/it\/wp-json\/wp\/v2\/pages"}],"about":[{"href":"https:\/\/democraticgourmet.com\/it\/wp-json\/wp\/v2\/types\/page"}],"author":[{"embeddable":true,"href":"https:\/\/democraticgourmet.com\/it\/wp-json\/wp\/v2\/users\/1"}],"replies":[{"embeddable":true,"href":"https:\/\/democraticgourmet.com\/it\/wp-json\/wp\/v2\/comments?post=450"}],"version-history":[{"count":24,"href":"https:\/\/democraticgourmet.com\/it\/wp-json\/wp\/v2\/pages\/450\/revisions"}],"predecessor-version":[{"id":11249,"href":"https:\/\/democraticgourmet.com\/it\/wp-json\/wp\/v2\/pages\/450\/revisions\/11249"}],"wp:attachment":[{"href":"https:\/\/democraticgourmet.com\/it\/wp-json\/wp\/v2\/media?parent=450"}],"curies":[{"name":"wp","href":"https:\/\/api.w.org\/{rel}","templated":true}]}}