{"id":443,"date":"2021-02-12T00:29:27","date_gmt":"2021-02-11T22:29:27","guid":{"rendered":"https:\/\/en.democraticgourmet.com\/?page_id=443"},"modified":"2022-03-11T13:40:17","modified_gmt":"2022-03-11T11:40:17","slug":"ingredients","status":"publish","type":"page","link":"https:\/\/democraticgourmet.com\/it\/ingredients\/","title":{"rendered":"Ingredienti"},"content":{"rendered":"<div class=\"wp-block-group\"><div class=\"wp-block-group__inner-container is-layout-flow wp-block-group-is-layout-flow\">\n<div class=\"wp-block-columns alignwide are-vertically-aligned-center is-layout-flex wp-container-core-columns-is-layout-9d6595d7 wp-block-columns-is-layout-flex\">\n<div class=\"wp-block-column is-vertically-aligned-center is-layout-flow wp-block-column-is-layout-flow\" style=\"flex-basis:100%\"><ul class=\"wp-block-latest-posts__list is-grid columns-3 is-style-default wp-block-latest-posts\"><li><div class=\"wp-block-latest-posts__featured-image\"><a href=\"https:\/\/democraticgourmet.com\/it\/salad-2\/\" aria-label=\"insalata 2\"><img fetchpriority=\"high\" decoding=\"async\" width=\"1024\" height=\"683\" src=\"https:\/\/democraticgourmet.com\/wp-content\/uploads\/2021\/02\/Amanida-amb-ruca-i-pebrots-i-cireres-al-forn-2-1024x683.jpg\" class=\"attachment-large size-large wp-post-image\" alt=\"\" style=\"\" srcset=\"https:\/\/democraticgourmet.com\/wp-content\/uploads\/2021\/02\/Amanida-amb-ruca-i-pebrots-i-cireres-al-forn-2-1024x683.jpg 1024w, https:\/\/democraticgourmet.com\/wp-content\/uploads\/2021\/02\/Amanida-amb-ruca-i-pebrots-i-cireres-al-forn-2-scaled-600x400.jpg 600w, https:\/\/democraticgourmet.com\/wp-content\/uploads\/2021\/02\/Amanida-amb-ruca-i-pebrots-i-cireres-al-forn-2-300x200.jpg 300w, https:\/\/democraticgourmet.com\/wp-content\/uploads\/2021\/02\/Amanida-amb-ruca-i-pebrots-i-cireres-al-forn-2-768x512.jpg 768w, https:\/\/democraticgourmet.com\/wp-content\/uploads\/2021\/02\/Amanida-amb-ruca-i-pebrots-i-cireres-al-forn-2-1536x1024.jpg 1536w, https:\/\/democraticgourmet.com\/wp-content\/uploads\/2021\/02\/Amanida-amb-ruca-i-pebrots-i-cireres-al-forn-2-2048x1365.jpg 2048w, https:\/\/democraticgourmet.com\/wp-content\/uploads\/2021\/02\/Amanida-amb-ruca-i-pebrots-i-cireres-al-forn-2-16x12.jpg 16w, https:\/\/democraticgourmet.com\/wp-content\/uploads\/2021\/02\/Amanida-amb-ruca-i-pebrots-i-cireres-al-forn-2-1200x800.jpg 1200w, https:\/\/democraticgourmet.com\/wp-content\/uploads\/2021\/02\/Amanida-amb-ruca-i-pebrots-i-cireres-al-forn-2-1568x1045.jpg 1568w\" sizes=\"(max-width: 1024px) 100vw, 1024px\" \/><\/a><\/div><a class=\"wp-block-latest-posts__post-title\" href=\"https:\/\/democraticgourmet.com\/it\/salad-2\/\">insalata 2<\/a><div class=\"wp-block-latest-posts__post-excerpt\">\u00c8 impossibile effettivamente suggerirvi un solo tipo di vinaigrette. Penso di dirvi che una regola di base per l'insalata...<div class=\"more-link-wrapper\"><a class=\"more-link\" href=\"https:\/\/democraticgourmet.com\/it\/salad-2\/\">Continue reading<span class=\"screen-reader-text\">insalata 2<\/span><\/a><\/div><\/div><\/li>\n<li><div class=\"wp-block-latest-posts__featured-image\"><a href=\"https:\/\/democraticgourmet.com\/it\/coffee\/\" aria-label=\"caff\u00e8\"><img decoding=\"async\" width=\"1024\" height=\"683\" src=\"https:\/\/democraticgourmet.com\/wp-content\/uploads\/2021\/02\/DSC_0222-1024x683.jpg\" class=\"attachment-large size-large wp-post-image\" alt=\"\" style=\"\" srcset=\"https:\/\/democraticgourmet.com\/wp-content\/uploads\/2021\/02\/DSC_0222-1024x683.jpg 1024w, https:\/\/democraticgourmet.com\/wp-content\/uploads\/2021\/02\/DSC_0222-scaled-600x400.jpg 600w, https:\/\/democraticgourmet.com\/wp-content\/uploads\/2021\/02\/DSC_0222-300x200.jpg 300w, https:\/\/democraticgourmet.com\/wp-content\/uploads\/2021\/02\/DSC_0222-768x512.jpg 768w, https:\/\/democraticgourmet.com\/wp-content\/uploads\/2021\/02\/DSC_0222-1536x1024.jpg 1536w, https:\/\/democraticgourmet.com\/wp-content\/uploads\/2021\/02\/DSC_0222-2048x1365.jpg 2048w, https:\/\/democraticgourmet.com\/wp-content\/uploads\/2021\/02\/DSC_0222-16x12.jpg 16w, https:\/\/democraticgourmet.com\/wp-content\/uploads\/2021\/02\/DSC_0222-1200x800.jpg 1200w, https:\/\/democraticgourmet.com\/wp-content\/uploads\/2021\/02\/DSC_0222-1568x1045.jpg 1568w\" sizes=\"(max-width: 1024px) 100vw, 1024px\" \/><\/a><\/div><a class=\"wp-block-latest-posts__post-title\" href=\"https:\/\/democraticgourmet.com\/it\/coffee\/\">caff\u00e8<\/a><div class=\"wp-block-latest-posts__post-excerpt\">Il caff\u00e8 viene utilizzato in cucina anche come equilibrio di acidit\u00e0, quindi aggiungendo 1-2 cucchiai di espresso pronto (s\u00ec,...<div class=\"more-link-wrapper\"><a class=\"more-link\" href=\"https:\/\/democraticgourmet.com\/it\/coffee\/\">Continue reading<span class=\"screen-reader-text\">caff\u00e8<\/span><\/a><\/div><\/div><\/li>\n<li><div class=\"wp-block-latest-posts__featured-image\"><a href=\"https:\/\/democraticgourmet.com\/it\/risotto\/\" aria-label=\"risotto\"><img decoding=\"async\" width=\"1024\" height=\"683\" src=\"https:\/\/democraticgourmet.com\/wp-content\/uploads\/2021\/02\/Risotto-con-zucchini-gialli-i-sepie-15-1024x683.jpg\" class=\"attachment-large size-large wp-post-image\" alt=\"\" style=\"\" srcset=\"https:\/\/democraticgourmet.com\/wp-content\/uploads\/2021\/02\/Risotto-con-zucchini-gialli-i-sepie-15-1024x683.jpg 1024w, https:\/\/democraticgourmet.com\/wp-content\/uploads\/2021\/02\/Risotto-con-zucchini-gialli-i-sepie-15-scaled-600x400.jpg 600w, https:\/\/democraticgourmet.com\/wp-content\/uploads\/2021\/02\/Risotto-con-zucchini-gialli-i-sepie-15-300x200.jpg 300w, https:\/\/democraticgourmet.com\/wp-content\/uploads\/2021\/02\/Risotto-con-zucchini-gialli-i-sepie-15-768x512.jpg 768w, https:\/\/democraticgourmet.com\/wp-content\/uploads\/2021\/02\/Risotto-con-zucchini-gialli-i-sepie-15-1536x1024.jpg 1536w, https:\/\/democraticgourmet.com\/wp-content\/uploads\/2021\/02\/Risotto-con-zucchini-gialli-i-sepie-15-2048x1365.jpg 2048w, https:\/\/democraticgourmet.com\/wp-content\/uploads\/2021\/02\/Risotto-con-zucchini-gialli-i-sepie-15-16x12.jpg 16w, https:\/\/democraticgourmet.com\/wp-content\/uploads\/2021\/02\/Risotto-con-zucchini-gialli-i-sepie-15-1200x800.jpg 1200w, https:\/\/democraticgourmet.com\/wp-content\/uploads\/2021\/02\/Risotto-con-zucchini-gialli-i-sepie-15-1568x1045.jpg 1568w\" sizes=\"(max-width: 1024px) 100vw, 1024px\" \/><\/a><\/div><a class=\"wp-block-latest-posts__post-title\" href=\"https:\/\/democraticgourmet.com\/it\/risotto\/\">risotto<\/a><div class=\"wp-block-latest-posts__post-excerpt\">Il risotto ha una regola fondamentale: \u00e8 AUTO-SALSATO e quindi in ogni piatto la nostra principale preoccupazione \u00e8 creare...<div class=\"more-link-wrapper\"><a class=\"more-link\" href=\"https:\/\/democraticgourmet.com\/it\/risotto\/\">Continue reading<span class=\"screen-reader-text\">risotto<\/span><\/a><\/div><\/div><\/li>\n<li><div class=\"wp-block-latest-posts__featured-image\"><a href=\"https:\/\/democraticgourmet.com\/it\/sandwich\/\" aria-label=\"panini\"><img loading=\"lazy\" decoding=\"async\" width=\"1024\" height=\"683\" src=\"https:\/\/democraticgourmet.com\/wp-content\/uploads\/2021\/02\/Sandwich-amb-pa-sesam-negre-porc-fonoll-mozza-cireres-confi-salsa-germinats-i-patates-palla-8-1-1024x683.jpg\" class=\"attachment-large size-large wp-post-image\" alt=\"\" style=\"\" srcset=\"https:\/\/democraticgourmet.com\/wp-content\/uploads\/2021\/02\/Sandwich-amb-pa-sesam-negre-porc-fonoll-mozza-cireres-confi-salsa-germinats-i-patates-palla-8-1-1024x683.jpg 1024w, https:\/\/democraticgourmet.com\/wp-content\/uploads\/2021\/02\/Sandwich-amb-pa-sesam-negre-porc-fonoll-mozza-cireres-confi-salsa-germinats-i-patates-palla-8-1-scaled-600x400.jpg 600w, https:\/\/democraticgourmet.com\/wp-content\/uploads\/2021\/02\/Sandwich-amb-pa-sesam-negre-porc-fonoll-mozza-cireres-confi-salsa-germinats-i-patates-palla-8-1-300x200.jpg 300w, https:\/\/democraticgourmet.com\/wp-content\/uploads\/2021\/02\/Sandwich-amb-pa-sesam-negre-porc-fonoll-mozza-cireres-confi-salsa-germinats-i-patates-palla-8-1-768x512.jpg 768w, https:\/\/democraticgourmet.com\/wp-content\/uploads\/2021\/02\/Sandwich-amb-pa-sesam-negre-porc-fonoll-mozza-cireres-confi-salsa-germinats-i-patates-palla-8-1-1536x1024.jpg 1536w, https:\/\/democraticgourmet.com\/wp-content\/uploads\/2021\/02\/Sandwich-amb-pa-sesam-negre-porc-fonoll-mozza-cireres-confi-salsa-germinats-i-patates-palla-8-1-2048x1365.jpg 2048w, https:\/\/democraticgourmet.com\/wp-content\/uploads\/2021\/02\/Sandwich-amb-pa-sesam-negre-porc-fonoll-mozza-cireres-confi-salsa-germinats-i-patates-palla-8-1-16x12.jpg 16w, https:\/\/democraticgourmet.com\/wp-content\/uploads\/2021\/02\/Sandwich-amb-pa-sesam-negre-porc-fonoll-mozza-cireres-confi-salsa-germinats-i-patates-palla-8-1-1200x800.jpg 1200w, https:\/\/democraticgourmet.com\/wp-content\/uploads\/2021\/02\/Sandwich-amb-pa-sesam-negre-porc-fonoll-mozza-cireres-confi-salsa-germinats-i-patates-palla-8-1-1568x1045.jpg 1568w\" sizes=\"(max-width: 1024px) 100vw, 1024px\" \/><\/a><\/div><a class=\"wp-block-latest-posts__post-title\" href=\"https:\/\/democraticgourmet.com\/it\/sandwich\/\">panini<\/a><div class=\"wp-block-latest-posts__post-excerpt\">Preparazione molto importante nella cucina moderna. Lo degustiamo quasi quotidianamente, a colazione, merenda...<div class=\"more-link-wrapper\"><a class=\"more-link\" href=\"https:\/\/democraticgourmet.com\/it\/sandwich\/\">Continue reading<span class=\"screen-reader-text\">panini<\/span><\/a><\/div><\/div><\/li>\n<li><div class=\"wp-block-latest-posts__featured-image\"><a href=\"https:\/\/democraticgourmet.com\/it\/flour\/\" aria-label=\"farina\"><img loading=\"lazy\" decoding=\"async\" width=\"1024\" height=\"683\" src=\"https:\/\/democraticgourmet.com\/wp-content\/uploads\/2021\/02\/Loaves-3-1024x683.jpg\" class=\"attachment-large size-large wp-post-image\" alt=\"\" style=\"\" srcset=\"https:\/\/democraticgourmet.com\/wp-content\/uploads\/2021\/02\/Loaves-3-1024x683.jpg 1024w, https:\/\/democraticgourmet.com\/wp-content\/uploads\/2021\/02\/Loaves-3-scaled-600x400.jpg 600w, https:\/\/democraticgourmet.com\/wp-content\/uploads\/2021\/02\/Loaves-3-300x200.jpg 300w, https:\/\/democraticgourmet.com\/wp-content\/uploads\/2021\/02\/Loaves-3-768x512.jpg 768w, https:\/\/democraticgourmet.com\/wp-content\/uploads\/2021\/02\/Loaves-3-1536x1024.jpg 1536w, https:\/\/democraticgourmet.com\/wp-content\/uploads\/2021\/02\/Loaves-3-2048x1365.jpg 2048w, https:\/\/democraticgourmet.com\/wp-content\/uploads\/2021\/02\/Loaves-3-16x12.jpg 16w, https:\/\/democraticgourmet.com\/wp-content\/uploads\/2021\/02\/Loaves-3-1200x800.jpg 1200w, https:\/\/democraticgourmet.com\/wp-content\/uploads\/2021\/02\/Loaves-3-1568x1045.jpg 1568w\" sizes=\"(max-width: 1024px) 100vw, 1024px\" \/><\/a><\/div><a class=\"wp-block-latest-posts__post-title\" href=\"https:\/\/democraticgourmet.com\/it\/flour\/\">farina<\/a><div class=\"wp-block-latest-posts__post-excerpt\">Forse l`ingrediente pi\u00f9 utilizzato nella storia culinaria e sicuramente uno dei pi\u00f9 importanti della cucina mediterranea...<div class=\"more-link-wrapper\"><a class=\"more-link\" href=\"https:\/\/democraticgourmet.com\/it\/flour\/\">Continue reading<span class=\"screen-reader-text\">farina<\/span><\/a><\/div><\/div><\/li>\n<li><div class=\"wp-block-latest-posts__featured-image\"><a href=\"https:\/\/democraticgourmet.com\/it\/pasta\/\" aria-label=\"pasta\"><img loading=\"lazy\" decoding=\"async\" width=\"1024\" height=\"683\" src=\"https:\/\/democraticgourmet.com\/wp-content\/uploads\/2021\/02\/Pasta-fresca-24-1024x683.jpg\" class=\"attachment-large size-large wp-post-image\" alt=\"\" style=\"\" srcset=\"https:\/\/democraticgourmet.com\/wp-content\/uploads\/2021\/02\/Pasta-fresca-24-1024x683.jpg 1024w, https:\/\/democraticgourmet.com\/wp-content\/uploads\/2021\/02\/Pasta-fresca-24-scaled-600x400.jpg 600w, https:\/\/democraticgourmet.com\/wp-content\/uploads\/2021\/02\/Pasta-fresca-24-300x200.jpg 300w, https:\/\/democraticgourmet.com\/wp-content\/uploads\/2021\/02\/Pasta-fresca-24-768x512.jpg 768w, https:\/\/democraticgourmet.com\/wp-content\/uploads\/2021\/02\/Pasta-fresca-24-1536x1024.jpg 1536w, https:\/\/democraticgourmet.com\/wp-content\/uploads\/2021\/02\/Pasta-fresca-24-2048x1365.jpg 2048w, https:\/\/democraticgourmet.com\/wp-content\/uploads\/2021\/02\/Pasta-fresca-24-16x12.jpg 16w, https:\/\/democraticgourmet.com\/wp-content\/uploads\/2021\/02\/Pasta-fresca-24-1200x800.jpg 1200w, https:\/\/democraticgourmet.com\/wp-content\/uploads\/2021\/02\/Pasta-fresca-24-1568x1045.jpg 1568w\" sizes=\"(max-width: 1024px) 100vw, 1024px\" \/><\/a><\/div><a class=\"wp-block-latest-posts__post-title\" href=\"https:\/\/democraticgourmet.com\/it\/pasta\/\">pasta<\/a><div class=\"wp-block-latest-posts__post-excerpt\">Siamo arrivati al punto pi\u00f9 importante. Quale? Ma ovviamente la legatura del sugo con la pasta. Vediamo cosa c'\u00e8 davanti a noi...<div class=\"more-link-wrapper\"><a class=\"more-link\" href=\"https:\/\/democraticgourmet.com\/it\/pasta\/\">Continue reading<span class=\"screen-reader-text\">pasta<\/span><\/a><\/div><\/div><\/li>\n<\/ul>\n\n\n<div class=\"wp-block-group\"><div class=\"wp-block-group__inner-container is-layout-flow wp-block-group-is-layout-flow\">\n<div class=\"wp-block-group\"><div class=\"wp-block-group__inner-container is-layout-flow wp-block-group-is-layout-flow\">\n<div class=\"wp-block-columns are-vertically-aligned-center is-layout-flex wp-container-core-columns-is-layout-9d6595d7 wp-block-columns-is-layout-flex\">\n<div class=\"wp-block-column is-vertically-aligned-center is-layout-flow wp-block-column-is-layout-flow\" style=\"flex-basis:100%\">\n<div class=\"wp-block-columns is-layout-flex wp-container-core-columns-is-layout-9d6595d7 wp-block-columns-is-layout-flex\">\n<div class=\"wp-block-column is-layout-flow wp-block-column-is-layout-flow\" style=\"flex-basis:100%\">\n<div class=\"wp-block-columns is-layout-flex wp-container-core-columns-is-layout-9d6595d7 wp-block-columns-is-layout-flex\">\n<div class=\"wp-block-column is-layout-flow wp-block-column-is-layout-flow\" style=\"flex-basis:100%\">\n<div class=\"wp-block-columns is-layout-flex wp-container-core-columns-is-layout-9d6595d7 wp-block-columns-is-layout-flex\">\n<div class=\"wp-block-column is-vertically-aligned-center is-layout-flow wp-block-column-is-layout-flow\" style=\"flex-basis:100%\">\n<div class=\"wp-block-columns alignfull are-vertically-aligned-center is-layout-flex wp-container-core-columns-is-layout-9d6595d7 wp-block-columns-is-layout-flex\">\n<div class=\"wp-block-column is-vertically-aligned-center is-layout-flow wp-block-column-is-layout-flow\" style=\"flex-basis:100%\">\n<div class=\"wp-block-columns alignfull are-vertically-aligned-top is-layout-flex wp-container-core-columns-is-layout-9d6595d7 wp-block-columns-is-layout-flex\">\n<div class=\"wp-block-column is-vertically-aligned-top is-layout-flow wp-block-column-is-layout-flow\" style=\"flex-basis:100%\">\n<div class=\"wp-block-group alignwide\"><div class=\"wp-block-group__inner-container is-layout-flow wp-block-group-is-layout-flow\">\n<div class=\"wp-block-columns alignwide is-style-twentytwentyone-columns-overlap is-layout-flex wp-container-core-columns-is-layout-9d6595d7 wp-block-columns-is-layout-flex\">\n<div class=\"wp-block-column is-layout-flow wp-block-column-is-layout-flow\"><\/div>\n<\/div>\n<\/div><\/div>\n<\/div>\n<\/div>\n<\/div>\n<\/div>\n<\/div>\n<\/div>\n<\/div>\n<\/div>\n<\/div>\n<\/div>\n<\/div>\n<\/div>\n<\/div><\/div>\n<\/div><\/div>\n<\/div>\n<\/div>\n<\/div><\/div>","protected":false},"excerpt":{"rendered":"","protected":false},"author":1,"featured_media":0,"parent":0,"menu_order":0,"comment_status":"closed","ping_status":"closed","template":"","meta":{"_monsterinsights_skip_tracking":false,"_monsterinsights_sitenote_active":false,"_monsterinsights_sitenote_note":"","_monsterinsights_sitenote_category":0,"footnotes":""},"class_list":["post-443","page","type-page","status-publish","hentry","entry"],"yoast_head":"<!-- This site is optimized with the Yoast SEO plugin v27.1.1 - https:\/\/yoast.com\/product\/yoast-seo-wordpress\/ -->\n<title>ingredients - Democratic Gourmet<\/title>\n<meta name=\"robots\" content=\"index, follow, max-snippet:-1, max-image-preview:large, max-video-preview:-1\" \/>\n<link rel=\"canonical\" href=\"https:\/\/democraticgourmet.com\/it\/ingredients\/\" \/>\n<meta property=\"og:locale\" content=\"it_IT\" \/>\n<meta property=\"og:type\" content=\"article\" \/>\n<meta property=\"og:title\" content=\"ingredients - Democratic Gourmet\" \/>\n<meta property=\"og:url\" content=\"https:\/\/democraticgourmet.com\/it\/ingredients\/\" \/>\n<meta property=\"og:site_name\" content=\"Democratic Gourmet\" \/>\n<meta property=\"article:modified_time\" content=\"2022-03-11T11:40:17+00:00\" \/>\n<meta property=\"og:image\" content=\"https:\/\/democraticgourmet.com\/wp-content\/uploads\/2021\/02\/Amanida-amb-ruca-i-pebrots-i-cireres-al-forn-2-scaled.jpg\" \/>\n\t<meta property=\"og:image:width\" content=\"2560\" \/>\n\t<meta property=\"og:image:height\" content=\"1707\" \/>\n\t<meta property=\"og:image:type\" content=\"image\/jpeg\" \/>\n<meta name=\"twitter:card\" content=\"summary_large_image\" \/>\n<meta name=\"twitter:image\" content=\"https:\/\/democraticgourmet.com\/wp-content\/uploads\/2021\/02\/Amanida-amb-ruca-i-pebrots-i-cireres-al-forn-2-scaled.jpg\" \/>\n<meta name=\"twitter:site\" content=\"@DemGourmetCom\" \/>\n<script type=\"application\/ld+json\" class=\"yoast-schema-graph\">{\"@context\":\"https:\/\/schema.org\",\"@graph\":[{\"@type\":\"WebPage\",\"@id\":\"https:\/\/democraticgourmet.com\/ingredients\/\",\"url\":\"https:\/\/democraticgourmet.com\/ingredients\/\",\"name\":\"ingredients - Democratic Gourmet\",\"isPartOf\":{\"@id\":\"https:\/\/democraticgourmet.com\/#website\"},\"datePublished\":\"2021-02-11T22:29:27+00:00\",\"dateModified\":\"2022-03-11T11:40:17+00:00\",\"breadcrumb\":{\"@id\":\"https:\/\/democraticgourmet.com\/ingredients\/#breadcrumb\"},\"inLanguage\":\"it-IT\",\"potentialAction\":[{\"@type\":\"ReadAction\",\"target\":[\"https:\/\/democraticgourmet.com\/ingredients\/\"]}]},{\"@type\":\"BreadcrumbList\",\"@id\":\"https:\/\/democraticgourmet.com\/ingredients\/#breadcrumb\",\"itemListElement\":[{\"@type\":\"ListItem\",\"position\":1,\"name\":\"Home\",\"item\":\"https:\/\/democraticgourmet.com\/\"},{\"@type\":\"ListItem\",\"position\":2,\"name\":\"ingredients\"}]},{\"@type\":\"WebSite\",\"@id\":\"https:\/\/democraticgourmet.com\/#website\",\"url\":\"https:\/\/democraticgourmet.com\/\",\"name\":\"Democratic Gourmet\",\"description\":\"\",\"publisher\":{\"@id\":\"https:\/\/democraticgourmet.com\/#organization\"},\"potentialAction\":[{\"@type\":\"SearchAction\",\"target\":{\"@type\":\"EntryPoint\",\"urlTemplate\":\"https:\/\/democraticgourmet.com\/?s={search_term_string}\"},\"query-input\":{\"@type\":\"PropertyValueSpecification\",\"valueRequired\":true,\"valueName\":\"search_term_string\"}}],\"inLanguage\":\"it-IT\"},{\"@type\":\"Organization\",\"@id\":\"https:\/\/democraticgourmet.com\/#organization\",\"name\":\"Democratic Gourmet\",\"url\":\"https:\/\/democraticgourmet.com\/\",\"logo\":{\"@type\":\"ImageObject\",\"inLanguage\":\"it-IT\",\"@id\":\"https:\/\/democraticgourmet.com\/#\/schema\/logo\/image\/\",\"url\":\"https:\/\/democraticgourmet.com\/wp-content\/uploads\/2022\/03\/cropped-DG_LOGO_LIGHTpLacement1200x1200.jpg\",\"contentUrl\":\"https:\/\/democraticgourmet.com\/wp-content\/uploads\/2022\/03\/cropped-DG_LOGO_LIGHTpLacement1200x1200.jpg\",\"width\":1199,\"height\":1200,\"caption\":\"Democratic Gourmet\"},\"image\":{\"@id\":\"https:\/\/democraticgourmet.com\/#\/schema\/logo\/image\/\"},\"sameAs\":[\"https:\/\/x.com\/DemGourmetCom\",\"https:\/\/www.instagram.com\/democraticgourmet\"]}]}<\/script>\n<!-- \/ Yoast SEO plugin. -->","yoast_head_json":{"title":"ingredients - Democratic Gourmet","robots":{"index":"index","follow":"follow","max-snippet":"max-snippet:-1","max-image-preview":"max-image-preview:large","max-video-preview":"max-video-preview:-1"},"canonical":"https:\/\/democraticgourmet.com\/it\/ingredients\/","og_locale":"it_IT","og_type":"article","og_title":"ingredients - Democratic Gourmet","og_url":"https:\/\/democraticgourmet.com\/it\/ingredients\/","og_site_name":"Democratic Gourmet","article_modified_time":"2022-03-11T11:40:17+00:00","og_image":[{"width":2560,"height":1707,"url":"https:\/\/democraticgourmet.com\/wp-content\/uploads\/2021\/02\/Amanida-amb-ruca-i-pebrots-i-cireres-al-forn-2-scaled.jpg","type":"image\/jpeg"}],"twitter_card":"summary_large_image","twitter_image":"https:\/\/democraticgourmet.com\/wp-content\/uploads\/2021\/02\/Amanida-amb-ruca-i-pebrots-i-cireres-al-forn-2-scaled.jpg","twitter_site":"@DemGourmetCom","schema":{"@context":"https:\/\/schema.org","@graph":[{"@type":"WebPage","@id":"https:\/\/democraticgourmet.com\/ingredients\/","url":"https:\/\/democraticgourmet.com\/ingredients\/","name":"ingredients - Democratic Gourmet","isPartOf":{"@id":"https:\/\/democraticgourmet.com\/#website"},"datePublished":"2021-02-11T22:29:27+00:00","dateModified":"2022-03-11T11:40:17+00:00","breadcrumb":{"@id":"https:\/\/democraticgourmet.com\/ingredients\/#breadcrumb"},"inLanguage":"it-IT","potentialAction":[{"@type":"ReadAction","target":["https:\/\/democraticgourmet.com\/ingredients\/"]}]},{"@type":"BreadcrumbList","@id":"https:\/\/democraticgourmet.com\/ingredients\/#breadcrumb","itemListElement":[{"@type":"ListItem","position":1,"name":"Home","item":"https:\/\/democraticgourmet.com\/"},{"@type":"ListItem","position":2,"name":"ingredients"}]},{"@type":"WebSite","@id":"https:\/\/democraticgourmet.com\/#website","url":"https:\/\/democraticgourmet.com\/","name":"Democratic Gourmet","description":"","publisher":{"@id":"https:\/\/democraticgourmet.com\/#organization"},"potentialAction":[{"@type":"SearchAction","target":{"@type":"EntryPoint","urlTemplate":"https:\/\/democraticgourmet.com\/?s={search_term_string}"},"query-input":{"@type":"PropertyValueSpecification","valueRequired":true,"valueName":"search_term_string"}}],"inLanguage":"it-IT"},{"@type":"Organization","@id":"https:\/\/democraticgourmet.com\/#organization","name":"Democratic Gourmet","url":"https:\/\/democraticgourmet.com\/","logo":{"@type":"ImageObject","inLanguage":"it-IT","@id":"https:\/\/democraticgourmet.com\/#\/schema\/logo\/image\/","url":"https:\/\/democraticgourmet.com\/wp-content\/uploads\/2022\/03\/cropped-DG_LOGO_LIGHTpLacement1200x1200.jpg","contentUrl":"https:\/\/democraticgourmet.com\/wp-content\/uploads\/2022\/03\/cropped-DG_LOGO_LIGHTpLacement1200x1200.jpg","width":1199,"height":1200,"caption":"Democratic Gourmet"},"image":{"@id":"https:\/\/democraticgourmet.com\/#\/schema\/logo\/image\/"},"sameAs":["https:\/\/x.com\/DemGourmetCom","https:\/\/www.instagram.com\/democraticgourmet"]}]}},"_links":{"self":[{"href":"https:\/\/democraticgourmet.com\/it\/wp-json\/wp\/v2\/pages\/443","targetHints":{"allow":["GET"]}}],"collection":[{"href":"https:\/\/democraticgourmet.com\/it\/wp-json\/wp\/v2\/pages"}],"about":[{"href":"https:\/\/democraticgourmet.com\/it\/wp-json\/wp\/v2\/types\/page"}],"author":[{"embeddable":true,"href":"https:\/\/democraticgourmet.com\/it\/wp-json\/wp\/v2\/users\/1"}],"replies":[{"embeddable":true,"href":"https:\/\/democraticgourmet.com\/it\/wp-json\/wp\/v2\/comments?post=443"}],"version-history":[{"count":8,"href":"https:\/\/democraticgourmet.com\/it\/wp-json\/wp\/v2\/pages\/443\/revisions"}],"predecessor-version":[{"id":7276,"href":"https:\/\/democraticgourmet.com\/it\/wp-json\/wp\/v2\/pages\/443\/revisions\/7276"}],"wp:attachment":[{"href":"https:\/\/democraticgourmet.com\/it\/wp-json\/wp\/v2\/media?parent=443"}],"curies":[{"name":"wp","href":"https:\/\/api.w.org\/{rel}","templated":true}]}}