{"id":399,"date":"2021-02-11T01:07:31","date_gmt":"2021-02-10T23:07:31","guid":{"rendered":"https:\/\/en.democraticgourmet.com\/?page_id=399"},"modified":"2022-03-09T20:25:01","modified_gmt":"2022-03-09T18:25:01","slug":"techniques","status":"publish","type":"page","link":"https:\/\/democraticgourmet.com\/it\/techniques\/","title":{"rendered":"Tecniche"},"content":{"rendered":"<div class=\"wp-block-columns is-style-twentytwentyone-columns-overlap is-layout-flex wp-container-core-columns-is-layout-9d6595d7 wp-block-columns-is-layout-flex\">\n<div class=\"wp-block-column is-layout-flow wp-block-column-is-layout-flow\">\n<div class=\"wp-block-group\"><div class=\"wp-block-group__inner-container is-layout-flow wp-block-group-is-layout-flow\">\n<div class=\"wp-block-group\"><div class=\"wp-block-group__inner-container is-layout-flow wp-block-group-is-layout-flow\"><ul class=\"wp-block-latest-posts__list is-grid columns-3 alignwide is-style-default wp-block-latest-posts\"><li><div class=\"wp-block-latest-posts__featured-image\"><a href=\"https:\/\/democraticgourmet.com\/it\/grilling\/\" aria-label=\"grigliare\"><img fetchpriority=\"high\" decoding=\"async\" width=\"1024\" height=\"683\" src=\"https:\/\/democraticgourmet.com\/wp-content\/uploads\/2021\/02\/pexels-monicore-134073-1-1024x683.jpg\" class=\"attachment-large size-large wp-post-image\" alt=\"\" style=\"\" srcset=\"https:\/\/democraticgourmet.com\/wp-content\/uploads\/2021\/02\/pexels-monicore-134073-1-1024x683.jpg 1024w, https:\/\/democraticgourmet.com\/wp-content\/uploads\/2021\/02\/pexels-monicore-134073-1-scaled-600x400.jpg 600w, https:\/\/democraticgourmet.com\/wp-content\/uploads\/2021\/02\/pexels-monicore-134073-1-300x200.jpg 300w, https:\/\/democraticgourmet.com\/wp-content\/uploads\/2021\/02\/pexels-monicore-134073-1-768x512.jpg 768w, https:\/\/democraticgourmet.com\/wp-content\/uploads\/2021\/02\/pexels-monicore-134073-1-1536x1024.jpg 1536w, https:\/\/democraticgourmet.com\/wp-content\/uploads\/2021\/02\/pexels-monicore-134073-1-2048x1365.jpg 2048w, https:\/\/democraticgourmet.com\/wp-content\/uploads\/2021\/02\/pexels-monicore-134073-1-16x12.jpg 16w, https:\/\/democraticgourmet.com\/wp-content\/uploads\/2021\/02\/pexels-monicore-134073-1-1200x800.jpg 1200w, https:\/\/democraticgourmet.com\/wp-content\/uploads\/2021\/02\/pexels-monicore-134073-1-1568x1045.jpg 1568w\" sizes=\"(max-width: 1024px) 100vw, 1024px\" \/><\/a><\/div><a class=\"wp-block-latest-posts__post-title\" href=\"https:\/\/democraticgourmet.com\/it\/grilling\/\">grigliare<\/a><div class=\"wp-block-latest-posts__post-excerpt\">La cottura alla griglia \u00e8 il modo pi\u00f9 antico e minimale di preparare il cibo. Se c'\u00e8 un fuoco e un pezzo di qualcosa \u201csi magna\u201d. Tuttavia,....<div class=\"more-link-wrapper\"><a class=\"more-link\" href=\"https:\/\/democraticgourmet.com\/it\/grilling\/\">Continue reading<span class=\"screen-reader-text\">grigliare<\/span><\/a><\/div><\/div><\/li>\n<li><div class=\"wp-block-latest-posts__featured-image\"><a href=\"https:\/\/democraticgourmet.com\/it\/baking-in-paper\/\" aria-label=\"cuocere in cartoccio\"><img decoding=\"async\" width=\"1024\" height=\"683\" src=\"https:\/\/democraticgourmet.com\/wp-content\/uploads\/2021\/11\/Espatlla-de-porc-in-cartoccio-amb-carabassa-ous-de-reig-i-pastangues-1-1024x683.jpg\" class=\"attachment-large size-large wp-post-image\" alt=\"\" style=\"\" srcset=\"https:\/\/democraticgourmet.com\/wp-content\/uploads\/2021\/11\/Espatlla-de-porc-in-cartoccio-amb-carabassa-ous-de-reig-i-pastangues-1-1024x683.jpg 1024w, https:\/\/democraticgourmet.com\/wp-content\/uploads\/2021\/11\/Espatlla-de-porc-in-cartoccio-amb-carabassa-ous-de-reig-i-pastangues-1-600x400.jpg 600w, https:\/\/democraticgourmet.com\/wp-content\/uploads\/2021\/11\/Espatlla-de-porc-in-cartoccio-amb-carabassa-ous-de-reig-i-pastangues-1-300x200.jpg 300w, https:\/\/democraticgourmet.com\/wp-content\/uploads\/2021\/11\/Espatlla-de-porc-in-cartoccio-amb-carabassa-ous-de-reig-i-pastangues-1-768x512.jpg 768w, https:\/\/democraticgourmet.com\/wp-content\/uploads\/2021\/11\/Espatlla-de-porc-in-cartoccio-amb-carabassa-ous-de-reig-i-pastangues-1-1536x1024.jpg 1536w, https:\/\/democraticgourmet.com\/wp-content\/uploads\/2021\/11\/Espatlla-de-porc-in-cartoccio-amb-carabassa-ous-de-reig-i-pastangues-1-18x12.jpg 18w, https:\/\/democraticgourmet.com\/wp-content\/uploads\/2021\/11\/Espatlla-de-porc-in-cartoccio-amb-carabassa-ous-de-reig-i-pastangues-1-1200x800.jpg 1200w, https:\/\/democraticgourmet.com\/wp-content\/uploads\/2021\/11\/Espatlla-de-porc-in-cartoccio-amb-carabassa-ous-de-reig-i-pastangues-1-1568x1045.jpg 1568w, https:\/\/democraticgourmet.com\/wp-content\/uploads\/2021\/11\/Espatlla-de-porc-in-cartoccio-amb-carabassa-ous-de-reig-i-pastangues-1.jpg 1773w\" sizes=\"(max-width: 1024px) 100vw, 1024px\" \/><\/a><\/div><a class=\"wp-block-latest-posts__post-title\" href=\"https:\/\/democraticgourmet.com\/it\/baking-in-paper\/\">cuocere in cartoccio<\/a><div class=\"wp-block-latest-posts__post-excerpt\">Venezia \u00e8, per me, la citt\u00e0 pi\u00f9 bella mai visto. Mi ricordo la prima volta che ci sono stato, era inverno, pochi...<div class=\"more-link-wrapper\"><a class=\"more-link\" href=\"https:\/\/democraticgourmet.com\/it\/baking-in-paper\/\">Continue reading<span class=\"screen-reader-text\">cuocere in cartoccio<\/span><\/a><\/div><\/div><\/li>\n<li><div class=\"wp-block-latest-posts__featured-image\"><a href=\"https:\/\/democraticgourmet.com\/it\/frying\/\" aria-label=\"friggere\"><img decoding=\"async\" width=\"1024\" height=\"683\" src=\"https:\/\/democraticgourmet.com\/wp-content\/uploads\/2021\/02\/Ou-i-ous-30-1024x683.jpg\" class=\"attachment-large size-large wp-post-image\" alt=\"\" style=\"\" srcset=\"https:\/\/democraticgourmet.com\/wp-content\/uploads\/2021\/02\/Ou-i-ous-30-1024x683.jpg 1024w, https:\/\/democraticgourmet.com\/wp-content\/uploads\/2021\/02\/Ou-i-ous-30-scaled-600x400.jpg 600w, https:\/\/democraticgourmet.com\/wp-content\/uploads\/2021\/02\/Ou-i-ous-30-300x200.jpg 300w, https:\/\/democraticgourmet.com\/wp-content\/uploads\/2021\/02\/Ou-i-ous-30-768x512.jpg 768w, https:\/\/democraticgourmet.com\/wp-content\/uploads\/2021\/02\/Ou-i-ous-30-1536x1024.jpg 1536w, https:\/\/democraticgourmet.com\/wp-content\/uploads\/2021\/02\/Ou-i-ous-30-2048x1365.jpg 2048w, https:\/\/democraticgourmet.com\/wp-content\/uploads\/2021\/02\/Ou-i-ous-30-16x12.jpg 16w, https:\/\/democraticgourmet.com\/wp-content\/uploads\/2021\/02\/Ou-i-ous-30-1200x800.jpg 1200w, https:\/\/democraticgourmet.com\/wp-content\/uploads\/2021\/02\/Ou-i-ous-30-1568x1045.jpg 1568w\" sizes=\"(max-width: 1024px) 100vw, 1024px\" \/><\/a><\/div><a class=\"wp-block-latest-posts__post-title\" href=\"https:\/\/democraticgourmet.com\/it\/frying\/\">friggere<\/a><div class=\"wp-block-latest-posts__post-excerpt\">Vi siete mai chiesto perch\u00e9 friggiamo? Qual \u00e8 il motivo, che, invece di usare acqua (per bollire),...<div class=\"more-link-wrapper\"><a class=\"more-link\" href=\"https:\/\/democraticgourmet.com\/it\/frying\/\">Continue reading<span class=\"screen-reader-text\">friggere<\/span><\/a><\/div><\/div><\/li>\n<li><div class=\"wp-block-latest-posts__featured-image\"><a href=\"https:\/\/democraticgourmet.com\/it\/acidity-and-alkalinity\/\" aria-label=\"acidit\u00e0 e alcalinit\u00e0\"><img loading=\"lazy\" decoding=\"async\" width=\"1024\" height=\"683\" src=\"https:\/\/democraticgourmet.com\/wp-content\/uploads\/2021\/02\/DSC_0262-1024x683.jpg\" class=\"attachment-large size-large wp-post-image\" alt=\"\" style=\"\" srcset=\"https:\/\/democraticgourmet.com\/wp-content\/uploads\/2021\/02\/DSC_0262-1024x683.jpg 1024w, https:\/\/democraticgourmet.com\/wp-content\/uploads\/2021\/02\/DSC_0262-scaled-600x400.jpg 600w, https:\/\/democraticgourmet.com\/wp-content\/uploads\/2021\/02\/DSC_0262-300x200.jpg 300w, https:\/\/democraticgourmet.com\/wp-content\/uploads\/2021\/02\/DSC_0262-768x512.jpg 768w, https:\/\/democraticgourmet.com\/wp-content\/uploads\/2021\/02\/DSC_0262-1536x1024.jpg 1536w, https:\/\/democraticgourmet.com\/wp-content\/uploads\/2021\/02\/DSC_0262-2048x1365.jpg 2048w, https:\/\/democraticgourmet.com\/wp-content\/uploads\/2021\/02\/DSC_0262-16x12.jpg 16w, https:\/\/democraticgourmet.com\/wp-content\/uploads\/2021\/02\/DSC_0262-1200x800.jpg 1200w, https:\/\/democraticgourmet.com\/wp-content\/uploads\/2021\/02\/DSC_0262-1568x1045.jpg 1568w\" sizes=\"(max-width: 1024px) 100vw, 1024px\" \/><\/a><\/div><a class=\"wp-block-latest-posts__post-title\" href=\"https:\/\/democraticgourmet.com\/it\/acidity-and-alkalinity\/\">acidit\u00e0 e alcalinit\u00e0<\/a><div class=\"wp-block-latest-posts__post-excerpt\">- Dimmi ora, amico, hai mai mangiato un cavolo \"rosso\", come questo che ti mostro? - S\u00ec, ho mangiato un cavolo colorato,...<div class=\"more-link-wrapper\"><a class=\"more-link\" href=\"https:\/\/democraticgourmet.com\/it\/acidity-and-alkalinity\/\">Continue reading<span class=\"screen-reader-text\">acidit\u00e0 e alcalinit\u00e0<\/span><\/a><\/div><\/div><\/li>\n<li><div class=\"wp-block-latest-posts__featured-image\"><a href=\"https:\/\/democraticgourmet.com\/it\/oils-and-fats\/\" aria-label=\"oli e grassi\"><img loading=\"lazy\" decoding=\"async\" width=\"1024\" height=\"683\" src=\"https:\/\/democraticgourmet.com\/wp-content\/uploads\/2021\/02\/DSC_0247-1024x683.jpg\" class=\"attachment-large size-large wp-post-image\" alt=\"\" style=\"\" srcset=\"https:\/\/democraticgourmet.com\/wp-content\/uploads\/2021\/02\/DSC_0247-1024x683.jpg 1024w, https:\/\/democraticgourmet.com\/wp-content\/uploads\/2021\/02\/DSC_0247-scaled-600x400.jpg 600w, https:\/\/democraticgourmet.com\/wp-content\/uploads\/2021\/02\/DSC_0247-300x200.jpg 300w, https:\/\/democraticgourmet.com\/wp-content\/uploads\/2021\/02\/DSC_0247-768x512.jpg 768w, https:\/\/democraticgourmet.com\/wp-content\/uploads\/2021\/02\/DSC_0247-1536x1024.jpg 1536w, https:\/\/democraticgourmet.com\/wp-content\/uploads\/2021\/02\/DSC_0247-2048x1365.jpg 2048w, https:\/\/democraticgourmet.com\/wp-content\/uploads\/2021\/02\/DSC_0247-16x12.jpg 16w, https:\/\/democraticgourmet.com\/wp-content\/uploads\/2021\/02\/DSC_0247-1200x800.jpg 1200w, https:\/\/democraticgourmet.com\/wp-content\/uploads\/2021\/02\/DSC_0247-1568x1045.jpg 1568w\" sizes=\"(max-width: 1024px) 100vw, 1024px\" \/><\/a><\/div><a class=\"wp-block-latest-posts__post-title\" href=\"https:\/\/democraticgourmet.com\/it\/oils-and-fats\/\">oli e grassi<\/a><div class=\"wp-block-latest-posts__post-excerpt\">Tuttavia, andiamo al punto cruciale dell'argomento. Come vi ho gi\u00e0 detto non sono un medico, ma un cuoco, come cuochi sono...<div class=\"more-link-wrapper\"><a class=\"more-link\" href=\"https:\/\/democraticgourmet.com\/it\/oils-and-fats\/\">Continue reading<span class=\"screen-reader-text\">oli e grassi<\/span><\/a><\/div><\/div><\/li>\n<li><div class=\"wp-block-latest-posts__featured-image\"><a href=\"https:\/\/democraticgourmet.com\/it\/salting\/\" aria-label=\"salare\"><img loading=\"lazy\" decoding=\"async\" width=\"1024\" height=\"683\" src=\"https:\/\/democraticgourmet.com\/wp-content\/uploads\/2021\/02\/DSC_0273-1024x683.jpg\" class=\"attachment-large size-large wp-post-image\" alt=\"\" style=\"\" srcset=\"https:\/\/democraticgourmet.com\/wp-content\/uploads\/2021\/02\/DSC_0273-1024x683.jpg 1024w, https:\/\/democraticgourmet.com\/wp-content\/uploads\/2021\/02\/DSC_0273-scaled-600x400.jpg 600w, https:\/\/democraticgourmet.com\/wp-content\/uploads\/2021\/02\/DSC_0273-300x200.jpg 300w, https:\/\/democraticgourmet.com\/wp-content\/uploads\/2021\/02\/DSC_0273-768x512.jpg 768w, https:\/\/democraticgourmet.com\/wp-content\/uploads\/2021\/02\/DSC_0273-1536x1024.jpg 1536w, https:\/\/democraticgourmet.com\/wp-content\/uploads\/2021\/02\/DSC_0273-2048x1365.jpg 2048w, https:\/\/democraticgourmet.com\/wp-content\/uploads\/2021\/02\/DSC_0273-16x12.jpg 16w, https:\/\/democraticgourmet.com\/wp-content\/uploads\/2021\/02\/DSC_0273-1200x800.jpg 1200w, https:\/\/democraticgourmet.com\/wp-content\/uploads\/2021\/02\/DSC_0273-1568x1045.jpg 1568w\" sizes=\"(max-width: 1024px) 100vw, 1024px\" \/><\/a><\/div><a class=\"wp-block-latest-posts__post-title\" href=\"https:\/\/democraticgourmet.com\/it\/salting\/\">salare<\/a><div class=\"wp-block-latest-posts__post-excerpt\">Il passo seguente \u00e8 imparare a salare gli ingredienti che utilizziamo, a seconda della loro destinazione. Cominciamo con il pi\u00f9...<div class=\"more-link-wrapper\"><a class=\"more-link\" href=\"https:\/\/democraticgourmet.com\/it\/salting\/\">Continue reading<span class=\"screen-reader-text\">salare<\/span><\/a><\/div><\/div><\/li>\n<\/ul><\/div><\/div>\n<\/div><\/div>\n<\/div>\n<\/div>","protected":false},"excerpt":{"rendered":"","protected":false},"author":1,"featured_media":0,"parent":0,"menu_order":0,"comment_status":"closed","ping_status":"closed","template":"","meta":{"_monsterinsights_skip_tracking":false,"_monsterinsights_sitenote_active":false,"_monsterinsights_sitenote_note":"","_monsterinsights_sitenote_category":0,"footnotes":""},"class_list":["post-399","page","type-page","status-publish","hentry","entry"],"yoast_head":"<!-- This site is optimized with the Yoast SEO plugin v27.1.1 - https:\/\/yoast.com\/product\/yoast-seo-wordpress\/ -->\n<title>techniques - Democratic Gourmet<\/title>\n<meta name=\"robots\" content=\"index, follow, max-snippet:-1, max-image-preview:large, max-video-preview:-1\" \/>\n<link rel=\"canonical\" href=\"https:\/\/democraticgourmet.com\/it\/techniques\/\" \/>\n<meta property=\"og:locale\" content=\"it_IT\" \/>\n<meta property=\"og:type\" content=\"article\" \/>\n<meta property=\"og:title\" content=\"techniques - Democratic Gourmet\" \/>\n<meta property=\"og:url\" content=\"https:\/\/democraticgourmet.com\/it\/techniques\/\" \/>\n<meta property=\"og:site_name\" content=\"Democratic Gourmet\" \/>\n<meta property=\"article:modified_time\" content=\"2022-03-09T18:25:01+00:00\" \/>\n<meta name=\"twitter:card\" content=\"summary_large_image\" \/>\n<meta name=\"twitter:site\" content=\"@DemGourmetCom\" \/>\n<script type=\"application\/ld+json\" class=\"yoast-schema-graph\">{\"@context\":\"https:\/\/schema.org\",\"@graph\":[{\"@type\":\"WebPage\",\"@id\":\"https:\/\/democraticgourmet.com\/techniques\/\",\"url\":\"https:\/\/democraticgourmet.com\/techniques\/\",\"name\":\"techniques - Democratic Gourmet\",\"isPartOf\":{\"@id\":\"https:\/\/democraticgourmet.com\/#website\"},\"datePublished\":\"2021-02-10T23:07:31+00:00\",\"dateModified\":\"2022-03-09T18:25:01+00:00\",\"breadcrumb\":{\"@id\":\"https:\/\/democraticgourmet.com\/techniques\/#breadcrumb\"},\"inLanguage\":\"it-IT\",\"potentialAction\":[{\"@type\":\"ReadAction\",\"target\":[\"https:\/\/democraticgourmet.com\/techniques\/\"]}]},{\"@type\":\"BreadcrumbList\",\"@id\":\"https:\/\/democraticgourmet.com\/techniques\/#breadcrumb\",\"itemListElement\":[{\"@type\":\"ListItem\",\"position\":1,\"name\":\"Home\",\"item\":\"https:\/\/democraticgourmet.com\/\"},{\"@type\":\"ListItem\",\"position\":2,\"name\":\"techniques\"}]},{\"@type\":\"WebSite\",\"@id\":\"https:\/\/democraticgourmet.com\/#website\",\"url\":\"https:\/\/democraticgourmet.com\/\",\"name\":\"Democratic Gourmet\",\"description\":\"\",\"publisher\":{\"@id\":\"https:\/\/democraticgourmet.com\/#organization\"},\"potentialAction\":[{\"@type\":\"SearchAction\",\"target\":{\"@type\":\"EntryPoint\",\"urlTemplate\":\"https:\/\/democraticgourmet.com\/?s={search_term_string}\"},\"query-input\":{\"@type\":\"PropertyValueSpecification\",\"valueRequired\":true,\"valueName\":\"search_term_string\"}}],\"inLanguage\":\"it-IT\"},{\"@type\":\"Organization\",\"@id\":\"https:\/\/democraticgourmet.com\/#organization\",\"name\":\"Democratic Gourmet\",\"url\":\"https:\/\/democraticgourmet.com\/\",\"logo\":{\"@type\":\"ImageObject\",\"inLanguage\":\"it-IT\",\"@id\":\"https:\/\/democraticgourmet.com\/#\/schema\/logo\/image\/\",\"url\":\"https:\/\/democraticgourmet.com\/wp-content\/uploads\/2022\/03\/cropped-DG_LOGO_LIGHTpLacement1200x1200.jpg\",\"contentUrl\":\"https:\/\/democraticgourmet.com\/wp-content\/uploads\/2022\/03\/cropped-DG_LOGO_LIGHTpLacement1200x1200.jpg\",\"width\":1199,\"height\":1200,\"caption\":\"Democratic Gourmet\"},\"image\":{\"@id\":\"https:\/\/democraticgourmet.com\/#\/schema\/logo\/image\/\"},\"sameAs\":[\"https:\/\/x.com\/DemGourmetCom\",\"https:\/\/www.instagram.com\/democraticgourmet\"]}]}<\/script>\n<!-- \/ Yoast SEO plugin. -->","yoast_head_json":{"title":"techniques - Democratic Gourmet","robots":{"index":"index","follow":"follow","max-snippet":"max-snippet:-1","max-image-preview":"max-image-preview:large","max-video-preview":"max-video-preview:-1"},"canonical":"https:\/\/democraticgourmet.com\/it\/techniques\/","og_locale":"it_IT","og_type":"article","og_title":"techniques - Democratic Gourmet","og_url":"https:\/\/democraticgourmet.com\/it\/techniques\/","og_site_name":"Democratic Gourmet","article_modified_time":"2022-03-09T18:25:01+00:00","twitter_card":"summary_large_image","twitter_site":"@DemGourmetCom","schema":{"@context":"https:\/\/schema.org","@graph":[{"@type":"WebPage","@id":"https:\/\/democraticgourmet.com\/techniques\/","url":"https:\/\/democraticgourmet.com\/techniques\/","name":"techniques - Democratic Gourmet","isPartOf":{"@id":"https:\/\/democraticgourmet.com\/#website"},"datePublished":"2021-02-10T23:07:31+00:00","dateModified":"2022-03-09T18:25:01+00:00","breadcrumb":{"@id":"https:\/\/democraticgourmet.com\/techniques\/#breadcrumb"},"inLanguage":"it-IT","potentialAction":[{"@type":"ReadAction","target":["https:\/\/democraticgourmet.com\/techniques\/"]}]},{"@type":"BreadcrumbList","@id":"https:\/\/democraticgourmet.com\/techniques\/#breadcrumb","itemListElement":[{"@type":"ListItem","position":1,"name":"Home","item":"https:\/\/democraticgourmet.com\/"},{"@type":"ListItem","position":2,"name":"techniques"}]},{"@type":"WebSite","@id":"https:\/\/democraticgourmet.com\/#website","url":"https:\/\/democraticgourmet.com\/","name":"Democratic Gourmet","description":"","publisher":{"@id":"https:\/\/democraticgourmet.com\/#organization"},"potentialAction":[{"@type":"SearchAction","target":{"@type":"EntryPoint","urlTemplate":"https:\/\/democraticgourmet.com\/?s={search_term_string}"},"query-input":{"@type":"PropertyValueSpecification","valueRequired":true,"valueName":"search_term_string"}}],"inLanguage":"it-IT"},{"@type":"Organization","@id":"https:\/\/democraticgourmet.com\/#organization","name":"Democratic Gourmet","url":"https:\/\/democraticgourmet.com\/","logo":{"@type":"ImageObject","inLanguage":"it-IT","@id":"https:\/\/democraticgourmet.com\/#\/schema\/logo\/image\/","url":"https:\/\/democraticgourmet.com\/wp-content\/uploads\/2022\/03\/cropped-DG_LOGO_LIGHTpLacement1200x1200.jpg","contentUrl":"https:\/\/democraticgourmet.com\/wp-content\/uploads\/2022\/03\/cropped-DG_LOGO_LIGHTpLacement1200x1200.jpg","width":1199,"height":1200,"caption":"Democratic Gourmet"},"image":{"@id":"https:\/\/democraticgourmet.com\/#\/schema\/logo\/image\/"},"sameAs":["https:\/\/x.com\/DemGourmetCom","https:\/\/www.instagram.com\/democraticgourmet"]}]}},"_links":{"self":[{"href":"https:\/\/democraticgourmet.com\/it\/wp-json\/wp\/v2\/pages\/399","targetHints":{"allow":["GET"]}}],"collection":[{"href":"https:\/\/democraticgourmet.com\/it\/wp-json\/wp\/v2\/pages"}],"about":[{"href":"https:\/\/democraticgourmet.com\/it\/wp-json\/wp\/v2\/types\/page"}],"author":[{"embeddable":true,"href":"https:\/\/democraticgourmet.com\/it\/wp-json\/wp\/v2\/users\/1"}],"replies":[{"embeddable":true,"href":"https:\/\/democraticgourmet.com\/it\/wp-json\/wp\/v2\/comments?post=399"}],"version-history":[{"count":31,"href":"https:\/\/democraticgourmet.com\/it\/wp-json\/wp\/v2\/pages\/399\/revisions"}],"predecessor-version":[{"id":7155,"href":"https:\/\/democraticgourmet.com\/it\/wp-json\/wp\/v2\/pages\/399\/revisions\/7155"}],"wp:attachment":[{"href":"https:\/\/democraticgourmet.com\/it\/wp-json\/wp\/v2\/media?parent=399"}],"curies":[{"name":"wp","href":"https:\/\/api.w.org\/{rel}","templated":true}]}}