{"id":235,"date":"2021-02-08T02:25:10","date_gmt":"2021-02-08T00:25:10","guid":{"rendered":"https:\/\/en.democraticgourmet.com\/?page_id=235"},"modified":"2022-03-11T12:44:30","modified_gmt":"2022-03-11T10:44:30","slug":"why-democratic","status":"publish","type":"page","link":"https:\/\/democraticgourmet.com\/it\/why-democratic\/","title":{"rendered":"perch\u00e9 democratic?"},"content":{"rendered":"<h4 class=\"wp-block-heading\">Cosa c'entra la democrazia con il gourmet?<\/h4>\n\n\n\n<div style=\"height:20px\" aria-hidden=\"true\" class=\"wp-block-spacer\"><\/div>\n\n\n\n<figure class=\"wp-block-image size-large\"><img fetchpriority=\"high\" decoding=\"async\" width=\"1024\" height=\"683\" src=\"https:\/\/democraticgourmet.com\/wp-content\/uploads\/2022\/03\/DSC_0016-1024x683.jpg\" alt=\"\" class=\"wp-image-7113\" srcset=\"https:\/\/democraticgourmet.com\/wp-content\/uploads\/2022\/03\/DSC_0016-1024x683.jpg 1024w, https:\/\/democraticgourmet.com\/wp-content\/uploads\/2022\/03\/DSC_0016-600x400.jpg 600w, https:\/\/democraticgourmet.com\/wp-content\/uploads\/2022\/03\/DSC_0016-300x200.jpg 300w, https:\/\/democraticgourmet.com\/wp-content\/uploads\/2022\/03\/DSC_0016-768x512.jpg 768w, https:\/\/democraticgourmet.com\/wp-content\/uploads\/2022\/03\/DSC_0016-1536x1024.jpg 1536w, https:\/\/democraticgourmet.com\/wp-content\/uploads\/2022\/03\/DSC_0016-18x12.jpg 18w, https:\/\/democraticgourmet.com\/wp-content\/uploads\/2022\/03\/DSC_0016-1200x800.jpg 1200w, https:\/\/democraticgourmet.com\/wp-content\/uploads\/2022\/03\/DSC_0016.jpg 1773w\" sizes=\"(max-width: 1024px) 100vw, 1024px\" \/><\/figure>\n\n\n\n<div style=\"height:20px\" aria-hidden=\"true\" class=\"wp-block-spacer\"><\/div>\n\n\n\n<p><strong>Tutti hanno diritto a un'alimentazione sana e ben fatta, ogni giorno e non in modo eccezionale.<\/strong><\/p>\n\n\n\n<p>E una alimentazione eccellente pu\u00f2 essere prodotta anche con ingredienti economici e quotidiani. Di tutto quello che consumiamo molto. Mancano la conoscenza e la cultura.<\/p>\n\n\n\n<p><strong>Dopotutto, erano le maggioranze che avevamo in mente, quando abbiamo deciso di dare al sito questa forma e questo stile:<\/strong><\/p>\n\n\n\n<ul class=\"wp-block-list\"><li>Di facile lettura, senza parole difficili o strane, per essere compreso anche da chi non ha familiarit\u00e0 con la terminologia culinaria.<\/li><li>Anticonformista. \"Cool\", spesso esilarante, per mantenere vivo l'interesse del lettore. Arricchito con dialoghi, storie e diari di viaggio.<\/li><\/ul>\n\n\n\n<p>A questo punto vorrei sottolineare una cosa. Molti cuochi vogliono presentare la loro cucina come massiva e popolare e addirittura la chiamano cos\u00ec, senza che quello \"massivo\" e \"popolare\" sia accompagnato da qualcosa sostanziosa.<br>Quindi, il titolo massivo \u00e8 privo di contenuti, non corrisponde alla realt\u00e0 e non \u00e8 altro che un trucco pubblicitario.<\/p>\n\n\n\n<p><strong>Questa \u00e8 la differenza con Democratic Gourmet, il primo sostanzioso sforzo per democratizzare l'alta cucina, un manifesto popolare su un'alimentazione di qualit\u00e0 e una cucina raffinata a buon mercato che include tutto:<\/strong>: da come preparare la nostra colazione fino a quale torta scegliere per il nostro matrimonio!<\/p>\n\n\n\n<p>L\u00b4 alimentazione dignitosa \u00e8, quindi, un diritto popolare e allo stesso tempo un PIACERE.<\/p>\n\n\n\n<p>Questo \u00e8 il nostro motivo:<\/p>\n\n\n\n<p><strong>Insegnarti a cercare ogni giorno una alimentazione di qualit\u00e0.<\/strong><\/p>\n\n\n\n<p>Anche quando vai allo stadio.<\/p>\n\n\n\n<p>Davvero, quanti libri o pagine di cucina conoscete con una guida completa per i ...... panini umili, che contiene le regole, non solo per prepararli, ma per renderli perfetti?<\/p>\n\n\n\n<p>Quale cuoco contemporaneo vi mostra come preparare il vostro ketchup, il vostro aceto balsamico, la vostra pancetta affumicata, le vostre salsicce, la vostra acqua frizzante, i vostri rinfreschi e cos\u00ec risparmiare denaro?<\/p>\n\n\n\n<p>In quale altro site potete imparare a lavorare ogni ingrediente che si trova nel vostro frigorifero o sullo scaffale della vostra cucina, in modo che quando tornate a casa dal lavoro, potete preparare velocemente una cena deliziosa?<\/p>\n\n\n\n<p>Dove potete scoprire cosa mangia di solito un lavoratore a Barcellona la mattina, un impiegato napoletano il pomeriggio e un ingegnere provenzale la sera, per aggiungere un tocco di colore alla vostra vita quotidiana?<\/p>\n\n\n\n<p><strong>Ecco perch\u00e9 questa pagina web, il libro DG e l'intero concetto sono \u201cdemocratici\u201d.<\/strong><\/p>\n\n\n\n<p><strong>Perch\u00e9 le sue idee e i suoi suggerimenti si rivolgono a quasi tutti i consumatori e non hanno niente da fare con le eccentricit\u00e0 dell'alta cucina moderna, ma semplicemente \u201crubano\u201d alcune delle sue eccellenti tecniche e le applicano al cibo quotidiano.<\/strong><\/p>\n\n\n\n<div style=\"height:20px\" aria-hidden=\"true\" class=\"wp-block-spacer\"><\/div>\n\n\n\n<figure class=\"wp-block-image size-large\"><img decoding=\"async\" width=\"1024\" height=\"683\" src=\"https:\/\/democraticgourmet.com\/wp-content\/uploads\/2022\/03\/DSC_0021-1024x683.jpg\" alt=\"\" class=\"wp-image-7114\" srcset=\"https:\/\/democraticgourmet.com\/wp-content\/uploads\/2022\/03\/DSC_0021-1024x683.jpg 1024w, https:\/\/democraticgourmet.com\/wp-content\/uploads\/2022\/03\/DSC_0021-600x400.jpg 600w, https:\/\/democraticgourmet.com\/wp-content\/uploads\/2022\/03\/DSC_0021-300x200.jpg 300w, https:\/\/democraticgourmet.com\/wp-content\/uploads\/2022\/03\/DSC_0021-768x512.jpg 768w, https:\/\/democraticgourmet.com\/wp-content\/uploads\/2022\/03\/DSC_0021-1536x1024.jpg 1536w, https:\/\/democraticgourmet.com\/wp-content\/uploads\/2022\/03\/DSC_0021-18x12.jpg 18w, https:\/\/democraticgourmet.com\/wp-content\/uploads\/2022\/03\/DSC_0021-1200x800.jpg 1200w, https:\/\/democraticgourmet.com\/wp-content\/uploads\/2022\/03\/DSC_0021.jpg 1773w\" sizes=\"(max-width: 1024px) 100vw, 1024px\" \/><\/figure>\n\n\n\n<p><\/p>\n\n\n\n<p><\/p>","protected":false},"excerpt":{"rendered":"<p>What does democracy have to do with gourmet? Everybody has the right to well-made and healthy food, every day and not exceptionally. And excellent, premium&#8230;<\/p>\n<div class=\"more-link-wrapper\"><a class=\"more-link\" href=\"https:\/\/democraticgourmet.com\/it\/why-democratic\/\">Continue reading<span class=\"screen-reader-text\">perch\u00e9 democratic?<\/span><\/a><\/div>","protected":false},"author":1,"featured_media":0,"parent":0,"menu_order":0,"comment_status":"closed","ping_status":"closed","template":"","meta":{"_monsterinsights_skip_tracking":false,"_monsterinsights_sitenote_active":false,"_monsterinsights_sitenote_note":"","_monsterinsights_sitenote_category":0,"footnotes":""},"class_list":["post-235","page","type-page","status-publish","hentry","entry"],"yoast_head":"<!-- This site is optimized with the Yoast SEO plugin v27.1.1 - https:\/\/yoast.com\/product\/yoast-seo-wordpress\/ -->\n<title>why democratic? - Democratic Gourmet<\/title>\n<meta name=\"robots\" content=\"index, follow, max-snippet:-1, max-image-preview:large, max-video-preview:-1\" \/>\n<link rel=\"canonical\" href=\"https:\/\/democraticgourmet.com\/it\/why-democratic\/\" \/>\n<meta property=\"og:locale\" content=\"it_IT\" \/>\n<meta property=\"og:type\" content=\"article\" \/>\n<meta property=\"og:title\" content=\"why democratic? - Democratic Gourmet\" \/>\n<meta property=\"og:description\" content=\"What does democracy have to do with gourmet? Everybody has the right to well-made and healthy food, every day and not exceptionally. And excellent, premium&#8230;\" \/>\n<meta property=\"og:url\" content=\"https:\/\/democraticgourmet.com\/it\/why-democratic\/\" \/>\n<meta property=\"og:site_name\" content=\"Democratic Gourmet\" \/>\n<meta property=\"article:modified_time\" content=\"2022-03-11T10:44:30+00:00\" \/>\n<meta property=\"og:image\" content=\"https:\/\/democraticgourmet.com\/wp-content\/uploads\/2021\/02\/120195237_989103068232347_6547021591813287548_o-1.jpg\" \/>\n\t<meta property=\"og:image:width\" content=\"2048\" \/>\n\t<meta property=\"og:image:height\" content=\"1365\" \/>\n\t<meta property=\"og:image:type\" content=\"image\/jpeg\" \/>\n<meta name=\"twitter:card\" content=\"summary_large_image\" \/>\n<meta name=\"twitter:image\" content=\"https:\/\/democraticgourmet.com\/wp-content\/uploads\/2021\/02\/120195237_989103068232347_6547021591813287548_o-1.jpg\" \/>\n<meta name=\"twitter:site\" content=\"@DemGourmetCom\" \/>\n<meta name=\"twitter:label1\" content=\"Tempo di lettura stimato\" \/>\n\t<meta name=\"twitter:data1\" content=\"3 minuti\" \/>\n<script type=\"application\/ld+json\" class=\"yoast-schema-graph\">{\"@context\":\"https:\/\/schema.org\",\"@graph\":[{\"@type\":\"WebPage\",\"@id\":\"https:\/\/democraticgourmet.com\/why-democratic\/\",\"url\":\"https:\/\/democraticgourmet.com\/why-democratic\/\",\"name\":\"why democratic? - Democratic Gourmet\",\"isPartOf\":{\"@id\":\"https:\/\/democraticgourmet.com\/#website\"},\"primaryImageOfPage\":{\"@id\":\"https:\/\/democraticgourmet.com\/why-democratic\/#primaryimage\"},\"image\":{\"@id\":\"https:\/\/democraticgourmet.com\/why-democratic\/#primaryimage\"},\"thumbnailUrl\":\"https:\/\/democraticgourmet.com\/wp-content\/uploads\/2022\/03\/DSC_0016-1024x683.jpg\",\"datePublished\":\"2021-02-08T00:25:10+00:00\",\"dateModified\":\"2022-03-11T10:44:30+00:00\",\"breadcrumb\":{\"@id\":\"https:\/\/democraticgourmet.com\/why-democratic\/#breadcrumb\"},\"inLanguage\":\"it-IT\",\"potentialAction\":[{\"@type\":\"ReadAction\",\"target\":[\"https:\/\/democraticgourmet.com\/why-democratic\/\"]}]},{\"@type\":\"ImageObject\",\"inLanguage\":\"it-IT\",\"@id\":\"https:\/\/democraticgourmet.com\/why-democratic\/#primaryimage\",\"url\":\"https:\/\/democraticgourmet.com\/wp-content\/uploads\/2022\/03\/DSC_0016-1024x683.jpg\",\"contentUrl\":\"https:\/\/democraticgourmet.com\/wp-content\/uploads\/2022\/03\/DSC_0016-1024x683.jpg\"},{\"@type\":\"BreadcrumbList\",\"@id\":\"https:\/\/democraticgourmet.com\/why-democratic\/#breadcrumb\",\"itemListElement\":[{\"@type\":\"ListItem\",\"position\":1,\"name\":\"Home\",\"item\":\"https:\/\/democraticgourmet.com\/\"},{\"@type\":\"ListItem\",\"position\":2,\"name\":\"why democratic?\"}]},{\"@type\":\"WebSite\",\"@id\":\"https:\/\/democraticgourmet.com\/#website\",\"url\":\"https:\/\/democraticgourmet.com\/\",\"name\":\"Democratic Gourmet\",\"description\":\"\",\"publisher\":{\"@id\":\"https:\/\/democraticgourmet.com\/#organization\"},\"potentialAction\":[{\"@type\":\"SearchAction\",\"target\":{\"@type\":\"EntryPoint\",\"urlTemplate\":\"https:\/\/democraticgourmet.com\/?s={search_term_string}\"},\"query-input\":{\"@type\":\"PropertyValueSpecification\",\"valueRequired\":true,\"valueName\":\"search_term_string\"}}],\"inLanguage\":\"it-IT\"},{\"@type\":\"Organization\",\"@id\":\"https:\/\/democraticgourmet.com\/#organization\",\"name\":\"Democratic Gourmet\",\"url\":\"https:\/\/democraticgourmet.com\/\",\"logo\":{\"@type\":\"ImageObject\",\"inLanguage\":\"it-IT\",\"@id\":\"https:\/\/democraticgourmet.com\/#\/schema\/logo\/image\/\",\"url\":\"https:\/\/democraticgourmet.com\/wp-content\/uploads\/2022\/03\/cropped-DG_LOGO_LIGHTpLacement1200x1200.jpg\",\"contentUrl\":\"https:\/\/democraticgourmet.com\/wp-content\/uploads\/2022\/03\/cropped-DG_LOGO_LIGHTpLacement1200x1200.jpg\",\"width\":1199,\"height\":1200,\"caption\":\"Democratic Gourmet\"},\"image\":{\"@id\":\"https:\/\/democraticgourmet.com\/#\/schema\/logo\/image\/\"},\"sameAs\":[\"https:\/\/x.com\/DemGourmetCom\",\"https:\/\/www.instagram.com\/democraticgourmet\"]}]}<\/script>\n<!-- \/ Yoast SEO plugin. -->","yoast_head_json":{"title":"why democratic? - Democratic Gourmet","robots":{"index":"index","follow":"follow","max-snippet":"max-snippet:-1","max-image-preview":"max-image-preview:large","max-video-preview":"max-video-preview:-1"},"canonical":"https:\/\/democraticgourmet.com\/it\/why-democratic\/","og_locale":"it_IT","og_type":"article","og_title":"why democratic? - Democratic Gourmet","og_description":"What does democracy have to do with gourmet? Everybody has the right to well-made and healthy food, every day and not exceptionally. And excellent, premium&#8230;","og_url":"https:\/\/democraticgourmet.com\/it\/why-democratic\/","og_site_name":"Democratic Gourmet","article_modified_time":"2022-03-11T10:44:30+00:00","og_image":[{"width":2048,"height":1365,"url":"https:\/\/democraticgourmet.com\/wp-content\/uploads\/2021\/02\/120195237_989103068232347_6547021591813287548_o-1.jpg","type":"image\/jpeg"}],"twitter_card":"summary_large_image","twitter_image":"https:\/\/democraticgourmet.com\/wp-content\/uploads\/2021\/02\/120195237_989103068232347_6547021591813287548_o-1.jpg","twitter_site":"@DemGourmetCom","twitter_misc":{"Tempo di lettura stimato":"3 minuti"},"schema":{"@context":"https:\/\/schema.org","@graph":[{"@type":"WebPage","@id":"https:\/\/democraticgourmet.com\/why-democratic\/","url":"https:\/\/democraticgourmet.com\/why-democratic\/","name":"why democratic? - Democratic Gourmet","isPartOf":{"@id":"https:\/\/democraticgourmet.com\/#website"},"primaryImageOfPage":{"@id":"https:\/\/democraticgourmet.com\/why-democratic\/#primaryimage"},"image":{"@id":"https:\/\/democraticgourmet.com\/why-democratic\/#primaryimage"},"thumbnailUrl":"https:\/\/democraticgourmet.com\/wp-content\/uploads\/2022\/03\/DSC_0016-1024x683.jpg","datePublished":"2021-02-08T00:25:10+00:00","dateModified":"2022-03-11T10:44:30+00:00","breadcrumb":{"@id":"https:\/\/democraticgourmet.com\/why-democratic\/#breadcrumb"},"inLanguage":"it-IT","potentialAction":[{"@type":"ReadAction","target":["https:\/\/democraticgourmet.com\/why-democratic\/"]}]},{"@type":"ImageObject","inLanguage":"it-IT","@id":"https:\/\/democraticgourmet.com\/why-democratic\/#primaryimage","url":"https:\/\/democraticgourmet.com\/wp-content\/uploads\/2022\/03\/DSC_0016-1024x683.jpg","contentUrl":"https:\/\/democraticgourmet.com\/wp-content\/uploads\/2022\/03\/DSC_0016-1024x683.jpg"},{"@type":"BreadcrumbList","@id":"https:\/\/democraticgourmet.com\/why-democratic\/#breadcrumb","itemListElement":[{"@type":"ListItem","position":1,"name":"Home","item":"https:\/\/democraticgourmet.com\/"},{"@type":"ListItem","position":2,"name":"why democratic?"}]},{"@type":"WebSite","@id":"https:\/\/democraticgourmet.com\/#website","url":"https:\/\/democraticgourmet.com\/","name":"Democratic Gourmet","description":"","publisher":{"@id":"https:\/\/democraticgourmet.com\/#organization"},"potentialAction":[{"@type":"SearchAction","target":{"@type":"EntryPoint","urlTemplate":"https:\/\/democraticgourmet.com\/?s={search_term_string}"},"query-input":{"@type":"PropertyValueSpecification","valueRequired":true,"valueName":"search_term_string"}}],"inLanguage":"it-IT"},{"@type":"Organization","@id":"https:\/\/democraticgourmet.com\/#organization","name":"Democratic Gourmet","url":"https:\/\/democraticgourmet.com\/","logo":{"@type":"ImageObject","inLanguage":"it-IT","@id":"https:\/\/democraticgourmet.com\/#\/schema\/logo\/image\/","url":"https:\/\/democraticgourmet.com\/wp-content\/uploads\/2022\/03\/cropped-DG_LOGO_LIGHTpLacement1200x1200.jpg","contentUrl":"https:\/\/democraticgourmet.com\/wp-content\/uploads\/2022\/03\/cropped-DG_LOGO_LIGHTpLacement1200x1200.jpg","width":1199,"height":1200,"caption":"Democratic Gourmet"},"image":{"@id":"https:\/\/democraticgourmet.com\/#\/schema\/logo\/image\/"},"sameAs":["https:\/\/x.com\/DemGourmetCom","https:\/\/www.instagram.com\/democraticgourmet"]}]}},"_links":{"self":[{"href":"https:\/\/democraticgourmet.com\/it\/wp-json\/wp\/v2\/pages\/235","targetHints":{"allow":["GET"]}}],"collection":[{"href":"https:\/\/democraticgourmet.com\/it\/wp-json\/wp\/v2\/pages"}],"about":[{"href":"https:\/\/democraticgourmet.com\/it\/wp-json\/wp\/v2\/types\/page"}],"author":[{"embeddable":true,"href":"https:\/\/democraticgourmet.com\/it\/wp-json\/wp\/v2\/users\/1"}],"replies":[{"embeddable":true,"href":"https:\/\/democraticgourmet.com\/it\/wp-json\/wp\/v2\/comments?post=235"}],"version-history":[{"count":49,"href":"https:\/\/democraticgourmet.com\/it\/wp-json\/wp\/v2\/pages\/235\/revisions"}],"predecessor-version":[{"id":7225,"href":"https:\/\/democraticgourmet.com\/it\/wp-json\/wp\/v2\/pages\/235\/revisions\/7225"}],"wp:attachment":[{"href":"https:\/\/democraticgourmet.com\/it\/wp-json\/wp\/v2\/media?parent=235"}],"curies":[{"name":"wp","href":"https:\/\/api.w.org\/{rel}","templated":true}]}}